{"id":439,"date":"2021-09-09T18:28:44","date_gmt":"2021-09-09T16:28:44","guid":{"rendered":"https:\/\/skgroupe-auto.fr\/?page_id=439"},"modified":"2021-11-17T13:43:18","modified_gmt":"2021-11-17T12:43:18","slug":"a-propos","status":"publish","type":"page","link":"https:\/\/skgroupe-auto.fr\/index.php\/a-propos\/","title":{"rendered":"\u00c0 propos"},"content":{"rendered":"\t\t<div data-elementor-type=\"wp-page\" data-elementor-id=\"439\" class=\"elementor elementor-439\" data-elementor-settings=\"[]\">\n\t\t\t\t\t\t\t<div class=\"elementor-section-wrap\">\n\t\t\t\t\t\t\t<section class=\"elementor-section elementor-top-section elementor-element elementor-element-b50ca6f elementor-section-boxed elementor-section-height-default elementor-section-height-default\" data-id=\"b50ca6f\" data-element_type=\"section\" data-settings=\"{&quot;background_background&quot;:&quot;classic&quot;}\">\n\t\t\t\t\t\t<div class=\"elementor-container elementor-column-gap-default\">\n\t\t\t\t\t<div class=\"elementor-column elementor-col-100 elementor-top-column elementor-element elementor-element-5b83547\" data-id=\"5b83547\" data-element_type=\"column\">\n\t\t\t<div class=\"elementor-widget-wrap elementor-element-populated\">\n\t\t\t\t\t\t\t\t<div class=\"elementor-element elementor-element-25d6e3b elementor-widget-divider--view-line_text elementor-widget-divider--element-align-center elementor-widget elementor-widget-divider\" data-id=\"25d6e3b\" data-element_type=\"widget\" data-widget_type=\"divider.default\">\n\t\t\t\t<div class=\"elementor-widget-container\">\n\t\t\t\t\t<div class=\"elementor-divider\">\n\t\t\t<span class=\"elementor-divider-separator\">\n\t\t\t\t\t\t\t<span class=\"elementor-divider__text elementor-divider__element\">\n\t\t\t\t\u00c0 PROPOS DE\t\t\t\t<\/span>\n\t\t\t\t\t\t<\/span>\n\t\t<\/div>\n\t\t\t\t<\/div>\n\t\t\t\t<\/div>\n\t\t\t\t<div class=\"elementor-element elementor-element-62b5074 elementor-widget elementor-widget-heading\" data-id=\"62b5074\" data-element_type=\"widget\" data-widget_type=\"heading.default\">\n\t\t\t\t<div class=\"elementor-widget-container\">\n\t\t\t<h2 class=\"elementor-heading-title elementor-size-default\">NOTRE ENTREPRISE<\/h2>\t\t<\/div>\n\t\t\t\t<\/div>\n\t\t\t\t<div class=\"elementor-element elementor-element-5e1fa4a elementor-widget-divider--view-line elementor-widget elementor-widget-divider\" data-id=\"5e1fa4a\" data-element_type=\"widget\" data-widget_type=\"divider.default\">\n\t\t\t\t<div class=\"elementor-widget-container\">\n\t\t\t\t\t<div class=\"elementor-divider\">\n\t\t\t<span class=\"elementor-divider-separator\">\n\t\t\t\t\t\t<\/span>\n\t\t<\/div>\n\t\t\t\t<\/div>\n\t\t\t\t<\/div>\n\t\t\t\t\t<\/div>\n\t\t<\/div>\n\t\t\t\t\t\t\t<\/div>\n\t\t<\/section>\n\t\t\t\t<section class=\"elementor-section elementor-top-section elementor-element elementor-element-1e8a687 elementor-section-boxed elementor-section-height-default elementor-section-height-default\" data-id=\"1e8a687\" data-element_type=\"section\">\n\t\t\t\t\t\t<div class=\"elementor-container elementor-column-gap-default\">\n\t\t\t\t\t<div class=\"elementor-column elementor-col-100 elementor-top-column elementor-element elementor-element-2229ec7\" data-id=\"2229ec7\" data-element_type=\"column\">\n\t\t\t<div class=\"elementor-widget-wrap elementor-element-populated\">\n\t\t\t\t\t\t\t\t<div class=\"elementor-element elementor-element-ce661b1 elementor-widget elementor-widget-text-editor\" data-id=\"ce661b1\" data-element_type=\"widget\" data-widget_type=\"text-editor.default\">\n\t\t\t\t<div class=\"elementor-widget-container\">\n\t\t\t\t\t\t\t<p>SK GROUPE vous propose une gamme compl\u00e8te de v\u00e9hicules adapt\u00e9s \u00e0 tous budgets. Nous disposons d\u2019un large choix de v\u00e9hicules de toutes marques avec un objectif principal: vous faire b\u00e9n\u00e9ficier d\u2019une qualit\u00e9 optimale au meilleur prix. Notre \u00e9quipes se chargera de vous accompagner tout au long de votre recherche afin de r\u00e9pondre \u00e0 toutes vos questions et de vous satisfaire.<\/p>\n<p>N\u2019h\u00e9sitez plus, choisissez SK GROUPE votre partenaire automobile !&nbsp;<\/p>\t\t\t\t\t\t<\/div>\n\t\t\t\t<\/div>\n\t\t\t\t\t<\/div>\n\t\t<\/div>\n\t\t\t\t\t\t\t<\/div>\n\t\t<\/section>\n\t\t\t\t<section class=\"elementor-section elementor-top-section elementor-element elementor-element-18640fb elementor-section-full_width elementor-section-height-default elementor-section-height-default\" data-id=\"18640fb\" data-element_type=\"section\" data-settings=\"{&quot;background_background&quot;:&quot;classic&quot;}\">\n\t\t\t\t\t\t<div class=\"elementor-container elementor-column-gap-default\">\n\t\t\t\t\t<div class=\"elementor-column elementor-col-50 elementor-top-column elementor-element elementor-element-dd4d4aa\" data-id=\"dd4d4aa\" data-element_type=\"column\" data-settings=\"{&quot;background_background&quot;:&quot;classic&quot;}\">\n\t\t\t<div class=\"elementor-widget-wrap elementor-element-populated\">\n\t\t\t\t\t\t\t\t<div class=\"elementor-element elementor-element-0d49920 elementor-widget elementor-widget-spacer\" data-id=\"0d49920\" data-element_type=\"widget\" data-widget_type=\"spacer.default\">\n\t\t\t\t<div class=\"elementor-widget-container\">\n\t\t\t\t\t<div class=\"elementor-spacer\">\n\t\t\t<div class=\"elementor-spacer-inner\"><\/div>\n\t\t<\/div>\n\t\t\t\t<\/div>\n\t\t\t\t<\/div>\n\t\t\t\t<div class=\"elementor-element elementor-element-a4787ab elementor-widget-divider--view-line_text elementor-widget-divider--element-align-center elementor-widget elementor-widget-divider\" data-id=\"a4787ab\" data-element_type=\"widget\" data-widget_type=\"divider.default\">\n\t\t\t\t<div class=\"elementor-widget-container\">\n\t\t\t\t\t<div class=\"elementor-divider\">\n\t\t\t<span class=\"elementor-divider-separator\">\n\t\t\t\t\t\t\t<span class=\"elementor-divider__text elementor-divider__element\">\n\t\t\t\tD\u00c9COUVREZ\t\t\t\t<\/span>\n\t\t\t\t\t\t<\/span>\n\t\t<\/div>\n\t\t\t\t<\/div>\n\t\t\t\t<\/div>\n\t\t\t\t<div class=\"elementor-element elementor-element-3cefbad elementor-widget elementor-widget-heading\" data-id=\"3cefbad\" data-element_type=\"widget\" data-widget_type=\"heading.default\">\n\t\t\t\t<div class=\"elementor-widget-container\">\n\t\t\t<h2 class=\"elementor-heading-title elementor-size-default\">Nos voitures<\/h2>\t\t<\/div>\n\t\t\t\t<\/div>\n\t\t\t\t<div class=\"elementor-element elementor-element-6d192b1 elementor-widget-divider--view-line elementor-widget elementor-widget-divider\" data-id=\"6d192b1\" data-element_type=\"widget\" data-widget_type=\"divider.default\">\n\t\t\t\t<div class=\"elementor-widget-container\">\n\t\t\t\t\t<div class=\"elementor-divider\">\n\t\t\t<span class=\"elementor-divider-separator\">\n\t\t\t\t\t\t<\/span>\n\t\t<\/div>\n\t\t\t\t<\/div>\n\t\t\t\t<\/div>\n\t\t\t\t<div class=\"elementor-element elementor-element-427137e elementor-widget elementor-widget-spacer\" data-id=\"427137e\" data-element_type=\"widget\" data-widget_type=\"spacer.default\">\n\t\t\t\t<div class=\"elementor-widget-container\">\n\t\t\t\t\t<div class=\"elementor-spacer\">\n\t\t\t<div class=\"elementor-spacer-inner\"><\/div>\n\t\t<\/div>\n\t\t\t\t<\/div>\n\t\t\t\t<\/div>\n\t\t\t\t\t<\/div>\n\t\t<\/div>\n\t\t\t\t<div class=\"elementor-column elementor-col-50 elementor-top-column elementor-element elementor-element-c0568b7\" data-id=\"c0568b7\" data-element_type=\"column\" data-settings=\"{&quot;background_background&quot;:&quot;slideshow&quot;,&quot;background_slideshow_gallery&quot;:[{&quot;id&quot;:452,&quot;url&quot;:&quot;https:\\\/\\\/skgroupe-auto.fr\\\/wp-content\\\/uploads\\\/2021\\\/09\\\/3-1.png&quot;},{&quot;id&quot;:453,&quot;url&quot;:&quot;https:\\\/\\\/skgroupe-auto.fr\\\/wp-content\\\/uploads\\\/2021\\\/09\\\/5-1.png&quot;},{&quot;id&quot;:454,&quot;url&quot;:&quot;https:\\\/\\\/skgroupe-auto.fr\\\/wp-content\\\/uploads\\\/2021\\\/09\\\/7-1.png&quot;}],&quot;background_slideshow_loop&quot;:&quot;yes&quot;,&quot;background_slideshow_slide_duration&quot;:5000,&quot;background_slideshow_slide_transition&quot;:&quot;fade&quot;,&quot;background_slideshow_transition_duration&quot;:500}\">\n\t\t\t<div class=\"elementor-widget-wrap elementor-element-populated\">\n\t\t\t\t\t\t\t\t<div class=\"elementor-element elementor-element-3aea352 elementor-widget elementor-widget-spacer\" data-id=\"3aea352\" data-element_type=\"widget\" data-widget_type=\"spacer.default\">\n\t\t\t\t<div class=\"elementor-widget-container\">\n\t\t\t\t\t<div class=\"elementor-spacer\">\n\t\t\t<div class=\"elementor-spacer-inner\"><\/div>\n\t\t<\/div>\n\t\t\t\t<\/div>\n\t\t\t\t<\/div>\n\t\t\t\t<div class=\"elementor-element elementor-element-153c186 elementor-align-center elementor-widget elementor-widget-button\" data-id=\"153c186\" data-element_type=\"widget\" data-widget_type=\"button.default\">\n\t\t\t\t<div class=\"elementor-widget-container\">\n\t\t\t\t\t<div class=\"elementor-button-wrapper\">\n\t\t\t<a href=\"https:\/\/skgroupe-auto.fr\/index.php\/la-boutique\/\" class=\"elementor-button-link elementor-button elementor-size-sm\" role=\"button\">\n\t\t\t\t\t\t<span class=\"elementor-button-content-wrapper\">\n\t\t\t\t\t\t<span class=\"elementor-button-text\">D\u00e9couvrir le catalogue<\/span>\n\t\t<\/span>\n\t\t\t\t\t<\/a>\n\t\t<\/div>\n\t\t\t\t<\/div>\n\t\t\t\t<\/div>\n\t\t\t\t\t<\/div>\n\t\t<\/div>\n\t\t\t\t\t\t\t<\/div>\n\t\t<\/section>\n\t\t\t\t\t\t<\/div>\n\t\t\t\t\t<\/div>\n\t\t","protected":false},"excerpt":{"rendered":"<p>\u00c0 PROPOS DE NOTRE ENTREPRISE SK GROUPE vous propose une gamme compl\u00e8te de v\u00e9hicules adapt\u00e9s \u00e0 tous budgets. Nous disposons d\u2019un large choix de v\u00e9hicules de toutes marques avec un objectif principal: vous faire b\u00e9n\u00e9ficier d\u2019une qualit\u00e9 optimale au meilleur prix. Notre \u00e9quipes se chargera de vous accompagner tout au long de votre recherche afin [&hellip;]<\/p>\n","protected":false},"author":1,"featured_media":0,"parent":0,"menu_order":0,"comment_status":"closed","ping_status":"closed","template":"","meta":[],"yoast_head":"<!-- This site is optimized with the Yoast SEO plugin v17.6 - https:\/\/yoast.com\/wordpress\/plugins\/seo\/ -->\n<title>\u00c0 propos - SK GROUPE<\/title>\n<meta name=\"robots\" content=\"index, follow, max-snippet:-1, max-image-preview:large, max-video-preview:-1\" \/>\n<link rel=\"canonical\" href=\"https:\/\/skgroupe-auto.fr\/index.php\/a-propos\/\" \/>\n<meta property=\"og:locale\" content=\"fr_FR\" \/>\n<meta property=\"og:type\" content=\"article\" \/>\n<meta property=\"og:title\" content=\"\u00c0 propos - SK GROUPE\" \/>\n<meta property=\"og:description\" content=\"\u00c0 PROPOS DE NOTRE ENTREPRISE SK GROUPE vous propose une gamme compl\u00e8te de v\u00e9hicules adapt\u00e9s \u00e0 tous budgets. Nous disposons d\u2019un large choix de v\u00e9hicules de toutes marques avec un objectif principal: vous faire b\u00e9n\u00e9ficier d\u2019une qualit\u00e9 optimale au meilleur prix. Notre \u00e9quipes se chargera de vous accompagner tout au long de votre recherche afin [&hellip;]\" \/>\n<meta property=\"og:url\" content=\"https:\/\/skgroupe-auto.fr\/index.php\/a-propos\/\" \/>\n<meta property=\"og:site_name\" content=\"SK GROUPE\" \/>\n<meta property=\"article:modified_time\" content=\"2021-11-17T12:43:18+00:00\" \/>\n<meta name=\"twitter:card\" content=\"summary_large_image\" \/>\n<script type=\"application\/ld+json\" class=\"yoast-schema-graph\">{\"@context\":\"https:\/\/schema.org\",\"@graph\":[{\"@type\":\"Organization\",\"@id\":\"https:\/\/skgroupe-auto.fr\/#organization\",\"name\":\"skgroupe auto\",\"url\":\"https:\/\/skgroupe-auto.fr\/\",\"sameAs\":[],\"logo\":{\"@type\":\"ImageObject\",\"@id\":\"https:\/\/skgroupe-auto.fr\/#logo\",\"inLanguage\":\"fr-FR\",\"url\":\"https:\/\/skgroupe-auto.fr\/wp-content\/uploads\/2021\/09\/SKGROUPE-LOGO-sans-fond.png\",\"contentUrl\":\"https:\/\/skgroupe-auto.fr\/wp-content\/uploads\/2021\/09\/SKGROUPE-LOGO-sans-fond.png\",\"width\":2494,\"height\":930,\"caption\":\"skgroupe auto\"},\"image\":{\"@id\":\"https:\/\/skgroupe-auto.fr\/#logo\"}},{\"@type\":\"WebSite\",\"@id\":\"https:\/\/skgroupe-auto.fr\/#website\",\"url\":\"https:\/\/skgroupe-auto.fr\/\",\"name\":\"SK GROUPE\",\"description\":\"Vente de voiture Import\/Export\",\"publisher\":{\"@id\":\"https:\/\/skgroupe-auto.fr\/#organization\"},\"potentialAction\":[{\"@type\":\"SearchAction\",\"target\":{\"@type\":\"EntryPoint\",\"urlTemplate\":\"https:\/\/skgroupe-auto.fr\/?s={search_term_string}\"},\"query-input\":\"required name=search_term_string\"}],\"inLanguage\":\"fr-FR\"},{\"@type\":\"WebPage\",\"@id\":\"https:\/\/skgroupe-auto.fr\/index.php\/a-propos\/#webpage\",\"url\":\"https:\/\/skgroupe-auto.fr\/index.php\/a-propos\/\",\"name\":\"\\u00c0 propos - SK GROUPE\",\"isPartOf\":{\"@id\":\"https:\/\/skgroupe-auto.fr\/#website\"},\"datePublished\":\"2021-09-09T16:28:44+00:00\",\"dateModified\":\"2021-11-17T12:43:18+00:00\",\"breadcrumb\":{\"@id\":\"https:\/\/skgroupe-auto.fr\/index.php\/a-propos\/#breadcrumb\"},\"inLanguage\":\"fr-FR\",\"potentialAction\":[{\"@type\":\"ReadAction\",\"target\":[\"https:\/\/skgroupe-auto.fr\/index.php\/a-propos\/\"]}]},{\"@type\":\"BreadcrumbList\",\"@id\":\"https:\/\/skgroupe-auto.fr\/index.php\/a-propos\/#breadcrumb\",\"itemListElement\":[{\"@type\":\"ListItem\",\"position\":1,\"name\":\"Accueil\",\"item\":\"https:\/\/skgroupe-auto.fr\/\"},{\"@type\":\"ListItem\",\"position\":2,\"name\":\"\\u00c0 propos\"}]}]}<\/script>\n<!-- \/ Yoast SEO plugin. -->","yoast_head_json":{"title":"\u00c0 propos - SK GROUPE","robots":{"index":"index","follow":"follow","max-snippet":"max-snippet:-1","max-image-preview":"max-image-preview:large","max-video-preview":"max-video-preview:-1"},"canonical":"https:\/\/skgroupe-auto.fr\/index.php\/a-propos\/","og_locale":"fr_FR","og_type":"article","og_title":"\u00c0 propos - SK GROUPE","og_description":"\u00c0 PROPOS DE NOTRE ENTREPRISE SK GROUPE vous propose une gamme compl\u00e8te de v\u00e9hicules adapt\u00e9s \u00e0 tous budgets. Nous disposons d\u2019un large choix de v\u00e9hicules de toutes marques avec un objectif principal: vous faire b\u00e9n\u00e9ficier d\u2019une qualit\u00e9 optimale au meilleur prix. Notre \u00e9quipes se chargera de vous accompagner tout au long de votre recherche afin [&hellip;]","og_url":"https:\/\/skgroupe-auto.fr\/index.php\/a-propos\/","og_site_name":"SK GROUPE","article_modified_time":"2021-11-17T12:43:18+00:00","twitter_card":"summary_large_image","schema":{"@context":"https:\/\/schema.org","@graph":[{"@type":"Organization","@id":"https:\/\/skgroupe-auto.fr\/#organization","name":"skgroupe auto","url":"https:\/\/skgroupe-auto.fr\/","sameAs":[],"logo":{"@type":"ImageObject","@id":"https:\/\/skgroupe-auto.fr\/#logo","inLanguage":"fr-FR","url":"https:\/\/skgroupe-auto.fr\/wp-content\/uploads\/2021\/09\/SKGROUPE-LOGO-sans-fond.png","contentUrl":"https:\/\/skgroupe-auto.fr\/wp-content\/uploads\/2021\/09\/SKGROUPE-LOGO-sans-fond.png","width":2494,"height":930,"caption":"skgroupe auto"},"image":{"@id":"https:\/\/skgroupe-auto.fr\/#logo"}},{"@type":"WebSite","@id":"https:\/\/skgroupe-auto.fr\/#website","url":"https:\/\/skgroupe-auto.fr\/","name":"SK GROUPE","description":"Vente de voiture Import\/Export","publisher":{"@id":"https:\/\/skgroupe-auto.fr\/#organization"},"potentialAction":[{"@type":"SearchAction","target":{"@type":"EntryPoint","urlTemplate":"https:\/\/skgroupe-auto.fr\/?s={search_term_string}"},"query-input":"required name=search_term_string"}],"inLanguage":"fr-FR"},{"@type":"WebPage","@id":"https:\/\/skgroupe-auto.fr\/index.php\/a-propos\/#webpage","url":"https:\/\/skgroupe-auto.fr\/index.php\/a-propos\/","name":"\u00c0 propos - SK GROUPE","isPartOf":{"@id":"https:\/\/skgroupe-auto.fr\/#website"},"datePublished":"2021-09-09T16:28:44+00:00","dateModified":"2021-11-17T12:43:18+00:00","breadcrumb":{"@id":"https:\/\/skgroupe-auto.fr\/index.php\/a-propos\/#breadcrumb"},"inLanguage":"fr-FR","potentialAction":[{"@type":"ReadAction","target":["https:\/\/skgroupe-auto.fr\/index.php\/a-propos\/"]}]},{"@type":"BreadcrumbList","@id":"https:\/\/skgroupe-auto.fr\/index.php\/a-propos\/#breadcrumb","itemListElement":[{"@type":"ListItem","position":1,"name":"Accueil","item":"https:\/\/skgroupe-auto.fr\/"},{"@type":"ListItem","position":2,"name":"\u00c0 propos"}]}]}},"_links":{"self":[{"href":"https:\/\/skgroupe-auto.fr\/index.php\/wp-json\/wp\/v2\/pages\/439"}],"collection":[{"href":"https:\/\/skgroupe-auto.fr\/index.php\/wp-json\/wp\/v2\/pages"}],"about":[{"href":"https:\/\/skgroupe-auto.fr\/index.php\/wp-json\/wp\/v2\/types\/page"}],"author":[{"embeddable":true,"href":"https:\/\/skgroupe-auto.fr\/index.php\/wp-json\/wp\/v2\/users\/1"}],"replies":[{"embeddable":true,"href":"https:\/\/skgroupe-auto.fr\/index.php\/wp-json\/wp\/v2\/comments?post=439"}],"version-history":[{"count":28,"href":"https:\/\/skgroupe-auto.fr\/index.php\/wp-json\/wp\/v2\/pages\/439\/revisions"}],"predecessor-version":[{"id":1387,"href":"https:\/\/skgroupe-auto.fr\/index.php\/wp-json\/wp\/v2\/pages\/439\/revisions\/1387"}],"wp:attachment":[{"href":"https:\/\/skgroupe-auto.fr\/index.php\/wp-json\/wp\/v2\/media?parent=439"}],"curies":[{"name":"wp","href":"https:\/\/api.w.org\/{rel}","templated":true}]}}