{"id":2770,"date":"2024-12-17T15:00:17","date_gmt":"2024-12-17T14:00:17","guid":{"rendered":"https:\/\/skgroupe-auto.fr\/?post_type=product&#038;p=2770"},"modified":"2025-01-28T13:51:07","modified_gmt":"2025-01-28T12:51:07","slug":"volkswagen-t-roc-style-1-5-150ch-2","status":"publish","type":"product","link":"https:\/\/skgroupe-auto.fr\/index.php\/produit\/volkswagen-t-roc-style-1-5-150ch-2\/","title":{"rendered":"VOLKSWAGEN T-ROC STYLE 1.5 150CH"},"content":{"rendered":"","protected":false},"excerpt":{"rendered":"","protected":false},"featured_media":2775,"comment_status":"open","ping_status":"closed","template":"","meta":[],"product_cat":[26,31,28,39],"product_tag":[],"yoast_head":"<!-- This site is optimized with the Yoast SEO plugin v17.6 - https:\/\/yoast.com\/wordpress\/plugins\/seo\/ -->\n<title>VOLKSWAGEN T-ROC STYLE 1.5 150CH - SK GROUPE<\/title>\n<meta name=\"description\" content=\"Volkswagen T-Roc style 1.5 noir v\u00e9hicule occasion Ann\u00e9e 2023 essence import export Alg\u00e9rie\" \/>\n<meta name=\"robots\" content=\"index, follow, max-snippet:-1, max-image-preview:large, max-video-preview:-1\" \/>\n<link rel=\"canonical\" href=\"https:\/\/skgroupe-auto.fr\/index.php\/produit\/volkswagen-t-roc-style-1-5-150ch-2\/\" \/>\n<meta property=\"og:locale\" content=\"fr_FR\" \/>\n<meta property=\"og:type\" content=\"article\" \/>\n<meta property=\"og:title\" content=\"VOLKSWAGEN T-ROC STYLE 1.5 150CH - SK GROUPE\" \/>\n<meta property=\"og:description\" content=\"Volkswagen T-Roc style 1.5 noir v\u00e9hicule occasion Ann\u00e9e 2023 essence import export Alg\u00e9rie\" \/>\n<meta property=\"og:url\" content=\"https:\/\/skgroupe-auto.fr\/index.php\/produit\/volkswagen-t-roc-style-1-5-150ch-2\/\" \/>\n<meta property=\"og:site_name\" content=\"SK GROUPE\" \/>\n<meta property=\"article:modified_time\" content=\"2025-01-28T12:51:07+00:00\" \/>\n<meta property=\"og:image\" content=\"https:\/\/skgroupe-auto.fr\/wp-content\/uploads\/2024\/12\/tiguan-noir-6.jpg\" \/>\n\t<meta property=\"og:image:width\" content=\"1200\" \/>\n\t<meta property=\"og:image:height\" content=\"1600\" \/>\n<meta name=\"twitter:card\" content=\"summary_large_image\" \/>\n<script type=\"application\/ld+json\" class=\"yoast-schema-graph\">{\"@context\":\"https:\/\/schema.org\",\"@graph\":[{\"@type\":\"Organization\",\"@id\":\"https:\/\/skgroupe-auto.fr\/#organization\",\"name\":\"skgroupe auto\",\"url\":\"https:\/\/skgroupe-auto.fr\/\",\"sameAs\":[],\"logo\":{\"@type\":\"ImageObject\",\"@id\":\"https:\/\/skgroupe-auto.fr\/#logo\",\"inLanguage\":\"fr-FR\",\"url\":\"https:\/\/skgroupe-auto.fr\/wp-content\/uploads\/2021\/09\/SKGROUPE-LOGO-sans-fond.png\",\"contentUrl\":\"https:\/\/skgroupe-auto.fr\/wp-content\/uploads\/2021\/09\/SKGROUPE-LOGO-sans-fond.png\",\"width\":2494,\"height\":930,\"caption\":\"skgroupe auto\"},\"image\":{\"@id\":\"https:\/\/skgroupe-auto.fr\/#logo\"}},{\"@type\":\"WebSite\",\"@id\":\"https:\/\/skgroupe-auto.fr\/#website\",\"url\":\"https:\/\/skgroupe-auto.fr\/\",\"name\":\"SK GROUPE\",\"description\":\"Vente de voiture Import\/Export\",\"publisher\":{\"@id\":\"https:\/\/skgroupe-auto.fr\/#organization\"},\"potentialAction\":[{\"@type\":\"SearchAction\",\"target\":{\"@type\":\"EntryPoint\",\"urlTemplate\":\"https:\/\/skgroupe-auto.fr\/?s={search_term_string}\"},\"query-input\":\"required name=search_term_string\"}],\"inLanguage\":\"fr-FR\"},{\"@type\":\"ImageObject\",\"@id\":\"https:\/\/skgroupe-auto.fr\/index.php\/produit\/volkswagen-t-roc-style-1-5-150ch-2\/#primaryimage\",\"inLanguage\":\"fr-FR\",\"url\":\"https:\/\/skgroupe-auto.fr\/wp-content\/uploads\/2024\/12\/tiguan-noir-6.jpg\",\"contentUrl\":\"https:\/\/skgroupe-auto.fr\/wp-content\/uploads\/2024\/12\/tiguan-noir-6.jpg\",\"width\":1200,\"height\":1600},{\"@type\":\"WebPage\",\"@id\":\"https:\/\/skgroupe-auto.fr\/index.php\/produit\/volkswagen-t-roc-style-1-5-150ch-2\/#webpage\",\"url\":\"https:\/\/skgroupe-auto.fr\/index.php\/produit\/volkswagen-t-roc-style-1-5-150ch-2\/\",\"name\":\"VOLKSWAGEN T-ROC STYLE 1.5 150CH - SK GROUPE\",\"isPartOf\":{\"@id\":\"https:\/\/skgroupe-auto.fr\/#website\"},\"primaryImageOfPage\":{\"@id\":\"https:\/\/skgroupe-auto.fr\/index.php\/produit\/volkswagen-t-roc-style-1-5-150ch-2\/#primaryimage\"},\"datePublished\":\"2024-12-17T14:00:17+00:00\",\"dateModified\":\"2025-01-28T12:51:07+00:00\",\"description\":\"Volkswagen T-Roc style 1.5 noir v\\u00e9hicule occasion Ann\\u00e9e 2023 essence import export Alg\\u00e9rie\",\"breadcrumb\":{\"@id\":\"https:\/\/skgroupe-auto.fr\/index.php\/produit\/volkswagen-t-roc-style-1-5-150ch-2\/#breadcrumb\"},\"inLanguage\":\"fr-FR\",\"potentialAction\":[{\"@type\":\"ReadAction\",\"target\":[\"https:\/\/skgroupe-auto.fr\/index.php\/produit\/volkswagen-t-roc-style-1-5-150ch-2\/\"]}]},{\"@type\":\"BreadcrumbList\",\"@id\":\"https:\/\/skgroupe-auto.fr\/index.php\/produit\/volkswagen-t-roc-style-1-5-150ch-2\/#breadcrumb\",\"itemListElement\":[{\"@type\":\"ListItem\",\"position\":1,\"name\":\"Accueil\",\"item\":\"https:\/\/skgroupe-auto.fr\/\"},{\"@type\":\"ListItem\",\"position\":2,\"name\":\"Boutique\",\"item\":\"https:\/\/skgroupe-auto.fr\/index.php\/boutique\/\"},{\"@type\":\"ListItem\",\"position\":3,\"name\":\"VOLKSWAGEN T-ROC STYLE 1.5 150CH\"}]}]}<\/script>\n<!-- \/ Yoast SEO plugin. -->","yoast_head_json":{"title":"VOLKSWAGEN T-ROC STYLE 1.5 150CH - SK GROUPE","description":"Volkswagen T-Roc style 1.5 noir v\u00e9hicule occasion Ann\u00e9e 2023 essence import export Alg\u00e9rie","robots":{"index":"index","follow":"follow","max-snippet":"max-snippet:-1","max-image-preview":"max-image-preview:large","max-video-preview":"max-video-preview:-1"},"canonical":"https:\/\/skgroupe-auto.fr\/index.php\/produit\/volkswagen-t-roc-style-1-5-150ch-2\/","og_locale":"fr_FR","og_type":"article","og_title":"VOLKSWAGEN T-ROC STYLE 1.5 150CH - SK GROUPE","og_description":"Volkswagen T-Roc style 1.5 noir v\u00e9hicule occasion Ann\u00e9e 2023 essence import export Alg\u00e9rie","og_url":"https:\/\/skgroupe-auto.fr\/index.php\/produit\/volkswagen-t-roc-style-1-5-150ch-2\/","og_site_name":"SK GROUPE","article_modified_time":"2025-01-28T12:51:07+00:00","og_image":[{"width":1200,"height":1600,"url":"https:\/\/skgroupe-auto.fr\/wp-content\/uploads\/2024\/12\/tiguan-noir-6.jpg","type":"image\/jpeg"}],"twitter_card":"summary_large_image","schema":{"@context":"https:\/\/schema.org","@graph":[{"@type":"Organization","@id":"https:\/\/skgroupe-auto.fr\/#organization","name":"skgroupe auto","url":"https:\/\/skgroupe-auto.fr\/","sameAs":[],"logo":{"@type":"ImageObject","@id":"https:\/\/skgroupe-auto.fr\/#logo","inLanguage":"fr-FR","url":"https:\/\/skgroupe-auto.fr\/wp-content\/uploads\/2021\/09\/SKGROUPE-LOGO-sans-fond.png","contentUrl":"https:\/\/skgroupe-auto.fr\/wp-content\/uploads\/2021\/09\/SKGROUPE-LOGO-sans-fond.png","width":2494,"height":930,"caption":"skgroupe auto"},"image":{"@id":"https:\/\/skgroupe-auto.fr\/#logo"}},{"@type":"WebSite","@id":"https:\/\/skgroupe-auto.fr\/#website","url":"https:\/\/skgroupe-auto.fr\/","name":"SK GROUPE","description":"Vente de voiture Import\/Export","publisher":{"@id":"https:\/\/skgroupe-auto.fr\/#organization"},"potentialAction":[{"@type":"SearchAction","target":{"@type":"EntryPoint","urlTemplate":"https:\/\/skgroupe-auto.fr\/?s={search_term_string}"},"query-input":"required name=search_term_string"}],"inLanguage":"fr-FR"},{"@type":"ImageObject","@id":"https:\/\/skgroupe-auto.fr\/index.php\/produit\/volkswagen-t-roc-style-1-5-150ch-2\/#primaryimage","inLanguage":"fr-FR","url":"https:\/\/skgroupe-auto.fr\/wp-content\/uploads\/2024\/12\/tiguan-noir-6.jpg","contentUrl":"https:\/\/skgroupe-auto.fr\/wp-content\/uploads\/2024\/12\/tiguan-noir-6.jpg","width":1200,"height":1600},{"@type":"WebPage","@id":"https:\/\/skgroupe-auto.fr\/index.php\/produit\/volkswagen-t-roc-style-1-5-150ch-2\/#webpage","url":"https:\/\/skgroupe-auto.fr\/index.php\/produit\/volkswagen-t-roc-style-1-5-150ch-2\/","name":"VOLKSWAGEN T-ROC STYLE 1.5 150CH - SK GROUPE","isPartOf":{"@id":"https:\/\/skgroupe-auto.fr\/#website"},"primaryImageOfPage":{"@id":"https:\/\/skgroupe-auto.fr\/index.php\/produit\/volkswagen-t-roc-style-1-5-150ch-2\/#primaryimage"},"datePublished":"2024-12-17T14:00:17+00:00","dateModified":"2025-01-28T12:51:07+00:00","description":"Volkswagen T-Roc style 1.5 noir v\u00e9hicule occasion Ann\u00e9e 2023 essence import export Alg\u00e9rie","breadcrumb":{"@id":"https:\/\/skgroupe-auto.fr\/index.php\/produit\/volkswagen-t-roc-style-1-5-150ch-2\/#breadcrumb"},"inLanguage":"fr-FR","potentialAction":[{"@type":"ReadAction","target":["https:\/\/skgroupe-auto.fr\/index.php\/produit\/volkswagen-t-roc-style-1-5-150ch-2\/"]}]},{"@type":"BreadcrumbList","@id":"https:\/\/skgroupe-auto.fr\/index.php\/produit\/volkswagen-t-roc-style-1-5-150ch-2\/#breadcrumb","itemListElement":[{"@type":"ListItem","position":1,"name":"Accueil","item":"https:\/\/skgroupe-auto.fr\/"},{"@type":"ListItem","position":2,"name":"Boutique","item":"https:\/\/skgroupe-auto.fr\/index.php\/boutique\/"},{"@type":"ListItem","position":3,"name":"VOLKSWAGEN T-ROC STYLE 1.5 150CH"}]}]}},"_links":{"self":[{"href":"https:\/\/skgroupe-auto.fr\/index.php\/wp-json\/wp\/v2\/product\/2770"}],"collection":[{"href":"https:\/\/skgroupe-auto.fr\/index.php\/wp-json\/wp\/v2\/product"}],"about":[{"href":"https:\/\/skgroupe-auto.fr\/index.php\/wp-json\/wp\/v2\/types\/product"}],"replies":[{"embeddable":true,"href":"https:\/\/skgroupe-auto.fr\/index.php\/wp-json\/wp\/v2\/comments?post=2770"}],"version-history":[{"count":1,"href":"https:\/\/skgroupe-auto.fr\/index.php\/wp-json\/wp\/v2\/product\/2770\/revisions"}],"predecessor-version":[{"id":2781,"href":"https:\/\/skgroupe-auto.fr\/index.php\/wp-json\/wp\/v2\/product\/2770\/revisions\/2781"}],"wp:featuredmedia":[{"embeddable":true,"href":"https:\/\/skgroupe-auto.fr\/index.php\/wp-json\/wp\/v2\/media\/2775"}],"wp:attachment":[{"href":"https:\/\/skgroupe-auto.fr\/index.php\/wp-json\/wp\/v2\/media?parent=2770"}],"wp:term":[{"taxonomy":"product_cat","embeddable":true,"href":"https:\/\/skgroupe-auto.fr\/index.php\/wp-json\/wp\/v2\/product_cat?post=2770"},{"taxonomy":"product_tag","embeddable":true,"href":"https:\/\/skgroupe-auto.fr\/index.php\/wp-json\/wp\/v2\/product_tag?post=2770"}],"curies":[{"name":"wp","href":"https:\/\/api.w.org\/{rel}","templated":true}]}}