{"id":2861,"date":"2025-01-22T15:48:18","date_gmt":"2025-01-22T14:48:18","guid":{"rendered":"https:\/\/skgroupe-auto.fr\/?post_type=product&#038;p=2861"},"modified":"2025-01-28T16:03:35","modified_gmt":"2025-01-28T15:03:35","slug":"cupraterramar150-terramar150boost-cupraterramar150dsghybride-terramar150essenceperformant","status":"publish","type":"product","link":"https:\/\/skgroupe-auto.fr\/index.php\/produit\/cupraterramar150-terramar150boost-cupraterramar150dsghybride-terramar150essenceperformant\/","title":{"rendered":"NEW CUPRA TERRAMAR 1.5 eTSI DSG 150CV 1.5 ESSENCE"},"content":{"rendered":"<h3 data-sourcepos=\"5:1-5:24\">Fiche Technique: NEW CUPRA TERRAMAR 1.5 eTSI DSG 150CV<br \/>\n1.5 ESSENCE<\/h3>\n<ul data-sourcepos=\"7:1-18:0\">\n<li data-sourcepos=\"7:1-7:33\"><strong>Toit<\/strong> : Panoramique en verre<\/li>\n<li data-sourcepos=\"8:1-8:39\"><strong>Tableau de bord<\/strong> : Virtual Cockpit<\/li>\n<li data-sourcepos=\"9:1-9:44\"><strong>Affichage t\u00eate haute<\/strong> : Head-Up Display<\/li>\n<li data-sourcepos=\"10:1-10:27\"><strong>Attelage<\/strong> : \u00c9lectrique<\/li>\n<li data-sourcepos=\"11:1-11:31\"><strong>Couleur ext\u00e9rieure<\/strong> : Navy<\/li>\n<li data-sourcepos=\"12:1-12:33\"><strong>Acc\u00e8s sans cl\u00e9<\/strong> : Keyless-Go<\/li>\n<li data-sourcepos=\"13:1-13:30\"><strong>Climatisation<\/strong> : Tri-zone<\/li>\n<li data-sourcepos=\"14:1-14:35\"><strong>Coffre<\/strong> : Ouverture \u00e9lectrique<\/li>\n<li data-sourcepos=\"15:1-15:37\"><strong>Ambiance<\/strong> : \u00c9clairage d&#8217;ambiance<\/li>\n<li data-sourcepos=\"16:1-16:27\"><strong>Cam\u00e9ra de recul<\/strong> : Oui<\/li>\n<li data-sourcepos=\"17:1-18:0\"><strong>Roue de secours<\/strong> : Dimension normale<\/li>\n<\/ul>\n<h3 data-sourcepos=\"19:1-19:13\">Pack Edge<\/h3>\n<ul data-sourcepos=\"21:1-31:0\">\n<li data-sourcepos=\"21:1-21:55\"><strong>Climatisation<\/strong> : Tri-zone avec contr\u00f4le individuel<\/li>\n<li data-sourcepos=\"22:1-22:58\"><strong>Volant<\/strong> : Multifonction cuir, chauffant avec palettes<\/li>\n<li data-sourcepos=\"23:1-23:71\"><strong>S\u00e9curit\u00e9<\/strong> : Alarme, surveillance int\u00e9rieure, protection remorquage<\/li>\n<li data-sourcepos=\"24:1-24:51\"><strong>Hayon<\/strong> : \u00c9lectrique avec ouverture sensorielle<\/li>\n<li data-sourcepos=\"25:1-25:38\"><strong>Ambiance<\/strong> : \u00c9clairage intelligent<\/li>\n<li data-sourcepos=\"26:1-26:37\"><strong>Vitrage<\/strong> : Surteint\u00e9 \u00e0 l&#8217;arri\u00e8re<\/li>\n<li data-sourcepos=\"27:1-27:48\"><strong>Distance<\/strong> : R\u00e9gulateur de vitesse adaptatif<\/li>\n<li data-sourcepos=\"28:1-28:30\"><strong>Seuil de porte<\/strong> : \u00c9clair\u00e9<\/li>\n<li data-sourcepos=\"29:1-29:28\"><strong>Acc\u00e8s<\/strong> : Sans cl\u00e9 Kessy<\/li>\n<li data-sourcepos=\"30:1-31:0\"><strong>R\u00e9troviseurs<\/strong> : \u00c9lectriques, rabattables, chauffants<\/li>\n<\/ul>\n<h3 data-sourcepos=\"32:1-32:33\">Pack de conduite intelligente<\/h3>\n<ul data-sourcepos=\"34:1-39:0\">\n<li data-sourcepos=\"34:1-34:30\"><strong>Feux de route<\/strong> : Assist\u00e9s<\/li>\n<li data-sourcepos=\"35:1-35:83\"><strong>Parking<\/strong> : Assistance au stationnement et changement de voie, alerte de sortie<\/li>\n<li data-sourcepos=\"36:1-36:51\"><strong>S\u00e9curit\u00e9<\/strong> : Protection proactive des occupants<\/li>\n<li data-sourcepos=\"37:1-37:33\"><strong>Cam\u00e9ra<\/strong> : Vue de dessus 360\u00b0<\/li>\n<li data-sourcepos=\"38:1-39:0\"><strong>Maintien de voie<\/strong> : Assistant avec fonctions d&#8217;urgence et embouteillage<\/li>\n<\/ul>\n<p>&nbsp;<\/p>\n","protected":false},"excerpt":{"rendered":"<p>Pr\u00eat \u00e0 explorer la ville ? Le Formentor est le compagnon id\u00e9al pour tes aventures urbaines. Son look robuste et ses technologies de pointe te permettront de te d\u00e9placer avec style et en toute s\u00e9curit\u00e9.<\/p>\n","protected":false},"featured_media":2862,"comment_status":"open","ping_status":"closed","template":"","meta":[],"product_cat":[55,25],"product_tag":[],"yoast_head":"<!-- This site is optimized with the Yoast SEO plugin v17.6 - https:\/\/yoast.com\/wordpress\/plugins\/seo\/ -->\n<title>NEW CUPRA TERRAMAR 1.5 eTSI DSG 150CV 1.5 ESSENCE - SK GROUPE<\/title>\n<meta name=\"description\" content=\"Le CUPRA TERRAMAR, c&#039;est le SUV qui incarne le futur de la conduite. Avec ses technologies de pointe et son design avant-gardiste, il te fera vivre une exp\u00e9rience de conduite unique et connect\u00e9e. Alors, pr\u00eat \u00e0 embarquer pour de nouvelles aventures ?\" \/>\n<meta name=\"robots\" content=\"index, follow, max-snippet:-1, max-image-preview:large, max-video-preview:-1\" \/>\n<link rel=\"canonical\" href=\"https:\/\/skgroupe-auto.fr\/index.php\/produit\/cupraterramar150-terramar150boost-cupraterramar150dsghybride-terramar150essenceperformant\/\" \/>\n<meta property=\"og:locale\" content=\"fr_FR\" \/>\n<meta property=\"og:type\" content=\"article\" \/>\n<meta property=\"og:title\" content=\"NEW CUPRA TERRAMAR 1.5 eTSI DSG 150CV 1.5 ESSENCE - SK GROUPE\" \/>\n<meta property=\"og:description\" content=\"Le CUPRA TERRAMAR, c&#039;est le SUV qui incarne le futur de la conduite. Avec ses technologies de pointe et son design avant-gardiste, il te fera vivre une exp\u00e9rience de conduite unique et connect\u00e9e. Alors, pr\u00eat \u00e0 embarquer pour de nouvelles aventures ?\" \/>\n<meta property=\"og:url\" content=\"https:\/\/skgroupe-auto.fr\/index.php\/produit\/cupraterramar150-terramar150boost-cupraterramar150dsghybride-terramar150essenceperformant\/\" \/>\n<meta property=\"og:site_name\" content=\"SK GROUPE\" \/>\n<meta property=\"article:modified_time\" content=\"2025-01-28T15:03:35+00:00\" \/>\n<meta property=\"og:image\" content=\"https:\/\/skgroupe-auto.fr\/wp-content\/uploads\/2025\/01\/IMG-20250122-WA0004.jpg\" \/>\n\t<meta property=\"og:image:width\" content=\"1191\" \/>\n\t<meta property=\"og:image:height\" content=\"542\" \/>\n<meta name=\"twitter:card\" content=\"summary_large_image\" \/>\n<meta name=\"twitter:label1\" content=\"Dur\u00e9e de lecture estim\u00e9e\" \/>\n\t<meta name=\"twitter:data1\" content=\"1 minute\" \/>\n<script type=\"application\/ld+json\" class=\"yoast-schema-graph\">{\"@context\":\"https:\/\/schema.org\",\"@graph\":[{\"@type\":\"Organization\",\"@id\":\"https:\/\/skgroupe-auto.fr\/#organization\",\"name\":\"skgroupe auto\",\"url\":\"https:\/\/skgroupe-auto.fr\/\",\"sameAs\":[],\"logo\":{\"@type\":\"ImageObject\",\"@id\":\"https:\/\/skgroupe-auto.fr\/#logo\",\"inLanguage\":\"fr-FR\",\"url\":\"https:\/\/skgroupe-auto.fr\/wp-content\/uploads\/2021\/09\/SKGROUPE-LOGO-sans-fond.png\",\"contentUrl\":\"https:\/\/skgroupe-auto.fr\/wp-content\/uploads\/2021\/09\/SKGROUPE-LOGO-sans-fond.png\",\"width\":2494,\"height\":930,\"caption\":\"skgroupe auto\"},\"image\":{\"@id\":\"https:\/\/skgroupe-auto.fr\/#logo\"}},{\"@type\":\"WebSite\",\"@id\":\"https:\/\/skgroupe-auto.fr\/#website\",\"url\":\"https:\/\/skgroupe-auto.fr\/\",\"name\":\"SK GROUPE\",\"description\":\"Vente de voiture Import\/Export\",\"publisher\":{\"@id\":\"https:\/\/skgroupe-auto.fr\/#organization\"},\"potentialAction\":[{\"@type\":\"SearchAction\",\"target\":{\"@type\":\"EntryPoint\",\"urlTemplate\":\"https:\/\/skgroupe-auto.fr\/?s={search_term_string}\"},\"query-input\":\"required name=search_term_string\"}],\"inLanguage\":\"fr-FR\"},{\"@type\":\"ImageObject\",\"@id\":\"https:\/\/skgroupe-auto.fr\/index.php\/produit\/cupraterramar150-terramar150boost-cupraterramar150dsghybride-terramar150essenceperformant\/#primaryimage\",\"inLanguage\":\"fr-FR\",\"url\":\"https:\/\/skgroupe-auto.fr\/wp-content\/uploads\/2025\/01\/IMG-20250122-WA0004.jpg\",\"contentUrl\":\"https:\/\/skgroupe-auto.fr\/wp-content\/uploads\/2025\/01\/IMG-20250122-WA0004.jpg\",\"width\":1191,\"height\":542},{\"@type\":\"WebPage\",\"@id\":\"https:\/\/skgroupe-auto.fr\/index.php\/produit\/cupraterramar150-terramar150boost-cupraterramar150dsghybride-terramar150essenceperformant\/#webpage\",\"url\":\"https:\/\/skgroupe-auto.fr\/index.php\/produit\/cupraterramar150-terramar150boost-cupraterramar150dsghybride-terramar150essenceperformant\/\",\"name\":\"NEW CUPRA TERRAMAR 1.5 eTSI DSG 150CV 1.5 ESSENCE - SK GROUPE\",\"isPartOf\":{\"@id\":\"https:\/\/skgroupe-auto.fr\/#website\"},\"primaryImageOfPage\":{\"@id\":\"https:\/\/skgroupe-auto.fr\/index.php\/produit\/cupraterramar150-terramar150boost-cupraterramar150dsghybride-terramar150essenceperformant\/#primaryimage\"},\"datePublished\":\"2025-01-22T14:48:18+00:00\",\"dateModified\":\"2025-01-28T15:03:35+00:00\",\"description\":\"Le CUPRA TERRAMAR, c'est le SUV qui incarne le futur de la conduite. Avec ses technologies de pointe et son design avant-gardiste, il te fera vivre une exp\\u00e9rience de conduite unique et connect\\u00e9e. Alors, pr\\u00eat \\u00e0 embarquer pour de nouvelles aventures ?\",\"breadcrumb\":{\"@id\":\"https:\/\/skgroupe-auto.fr\/index.php\/produit\/cupraterramar150-terramar150boost-cupraterramar150dsghybride-terramar150essenceperformant\/#breadcrumb\"},\"inLanguage\":\"fr-FR\",\"potentialAction\":[{\"@type\":\"ReadAction\",\"target\":[\"https:\/\/skgroupe-auto.fr\/index.php\/produit\/cupraterramar150-terramar150boost-cupraterramar150dsghybride-terramar150essenceperformant\/\"]}]},{\"@type\":\"BreadcrumbList\",\"@id\":\"https:\/\/skgroupe-auto.fr\/index.php\/produit\/cupraterramar150-terramar150boost-cupraterramar150dsghybride-terramar150essenceperformant\/#breadcrumb\",\"itemListElement\":[{\"@type\":\"ListItem\",\"position\":1,\"name\":\"Accueil\",\"item\":\"https:\/\/skgroupe-auto.fr\/\"},{\"@type\":\"ListItem\",\"position\":2,\"name\":\"Boutique\",\"item\":\"https:\/\/skgroupe-auto.fr\/index.php\/boutique\/\"},{\"@type\":\"ListItem\",\"position\":3,\"name\":\"NEW CUPRA TERRAMAR 1.5 eTSI DSG 150CV 1.5 ESSENCE\"}]}]}<\/script>\n<!-- \/ Yoast SEO plugin. -->","yoast_head_json":{"title":"NEW CUPRA TERRAMAR 1.5 eTSI DSG 150CV 1.5 ESSENCE - SK GROUPE","description":"Le CUPRA TERRAMAR, c'est le SUV qui incarne le futur de la conduite. Avec ses technologies de pointe et son design avant-gardiste, il te fera vivre une exp\u00e9rience de conduite unique et connect\u00e9e. Alors, pr\u00eat \u00e0 embarquer pour de nouvelles aventures ?","robots":{"index":"index","follow":"follow","max-snippet":"max-snippet:-1","max-image-preview":"max-image-preview:large","max-video-preview":"max-video-preview:-1"},"canonical":"https:\/\/skgroupe-auto.fr\/index.php\/produit\/cupraterramar150-terramar150boost-cupraterramar150dsghybride-terramar150essenceperformant\/","og_locale":"fr_FR","og_type":"article","og_title":"NEW CUPRA TERRAMAR 1.5 eTSI DSG 150CV 1.5 ESSENCE - SK GROUPE","og_description":"Le CUPRA TERRAMAR, c'est le SUV qui incarne le futur de la conduite. Avec ses technologies de pointe et son design avant-gardiste, il te fera vivre une exp\u00e9rience de conduite unique et connect\u00e9e. Alors, pr\u00eat \u00e0 embarquer pour de nouvelles aventures ?","og_url":"https:\/\/skgroupe-auto.fr\/index.php\/produit\/cupraterramar150-terramar150boost-cupraterramar150dsghybride-terramar150essenceperformant\/","og_site_name":"SK GROUPE","article_modified_time":"2025-01-28T15:03:35+00:00","og_image":[{"width":1191,"height":542,"url":"https:\/\/skgroupe-auto.fr\/wp-content\/uploads\/2025\/01\/IMG-20250122-WA0004.jpg","type":"image\/jpeg"}],"twitter_card":"summary_large_image","twitter_misc":{"Dur\u00e9e de lecture estim\u00e9e":"1 minute"},"schema":{"@context":"https:\/\/schema.org","@graph":[{"@type":"Organization","@id":"https:\/\/skgroupe-auto.fr\/#organization","name":"skgroupe auto","url":"https:\/\/skgroupe-auto.fr\/","sameAs":[],"logo":{"@type":"ImageObject","@id":"https:\/\/skgroupe-auto.fr\/#logo","inLanguage":"fr-FR","url":"https:\/\/skgroupe-auto.fr\/wp-content\/uploads\/2021\/09\/SKGROUPE-LOGO-sans-fond.png","contentUrl":"https:\/\/skgroupe-auto.fr\/wp-content\/uploads\/2021\/09\/SKGROUPE-LOGO-sans-fond.png","width":2494,"height":930,"caption":"skgroupe auto"},"image":{"@id":"https:\/\/skgroupe-auto.fr\/#logo"}},{"@type":"WebSite","@id":"https:\/\/skgroupe-auto.fr\/#website","url":"https:\/\/skgroupe-auto.fr\/","name":"SK GROUPE","description":"Vente de voiture Import\/Export","publisher":{"@id":"https:\/\/skgroupe-auto.fr\/#organization"},"potentialAction":[{"@type":"SearchAction","target":{"@type":"EntryPoint","urlTemplate":"https:\/\/skgroupe-auto.fr\/?s={search_term_string}"},"query-input":"required name=search_term_string"}],"inLanguage":"fr-FR"},{"@type":"ImageObject","@id":"https:\/\/skgroupe-auto.fr\/index.php\/produit\/cupraterramar150-terramar150boost-cupraterramar150dsghybride-terramar150essenceperformant\/#primaryimage","inLanguage":"fr-FR","url":"https:\/\/skgroupe-auto.fr\/wp-content\/uploads\/2025\/01\/IMG-20250122-WA0004.jpg","contentUrl":"https:\/\/skgroupe-auto.fr\/wp-content\/uploads\/2025\/01\/IMG-20250122-WA0004.jpg","width":1191,"height":542},{"@type":"WebPage","@id":"https:\/\/skgroupe-auto.fr\/index.php\/produit\/cupraterramar150-terramar150boost-cupraterramar150dsghybride-terramar150essenceperformant\/#webpage","url":"https:\/\/skgroupe-auto.fr\/index.php\/produit\/cupraterramar150-terramar150boost-cupraterramar150dsghybride-terramar150essenceperformant\/","name":"NEW CUPRA TERRAMAR 1.5 eTSI DSG 150CV 1.5 ESSENCE - SK GROUPE","isPartOf":{"@id":"https:\/\/skgroupe-auto.fr\/#website"},"primaryImageOfPage":{"@id":"https:\/\/skgroupe-auto.fr\/index.php\/produit\/cupraterramar150-terramar150boost-cupraterramar150dsghybride-terramar150essenceperformant\/#primaryimage"},"datePublished":"2025-01-22T14:48:18+00:00","dateModified":"2025-01-28T15:03:35+00:00","description":"Le CUPRA TERRAMAR, c'est le SUV qui incarne le futur de la conduite. Avec ses technologies de pointe et son design avant-gardiste, il te fera vivre une exp\u00e9rience de conduite unique et connect\u00e9e. Alors, pr\u00eat \u00e0 embarquer pour de nouvelles aventures ?","breadcrumb":{"@id":"https:\/\/skgroupe-auto.fr\/index.php\/produit\/cupraterramar150-terramar150boost-cupraterramar150dsghybride-terramar150essenceperformant\/#breadcrumb"},"inLanguage":"fr-FR","potentialAction":[{"@type":"ReadAction","target":["https:\/\/skgroupe-auto.fr\/index.php\/produit\/cupraterramar150-terramar150boost-cupraterramar150dsghybride-terramar150essenceperformant\/"]}]},{"@type":"BreadcrumbList","@id":"https:\/\/skgroupe-auto.fr\/index.php\/produit\/cupraterramar150-terramar150boost-cupraterramar150dsghybride-terramar150essenceperformant\/#breadcrumb","itemListElement":[{"@type":"ListItem","position":1,"name":"Accueil","item":"https:\/\/skgroupe-auto.fr\/"},{"@type":"ListItem","position":2,"name":"Boutique","item":"https:\/\/skgroupe-auto.fr\/index.php\/boutique\/"},{"@type":"ListItem","position":3,"name":"NEW CUPRA TERRAMAR 1.5 eTSI DSG 150CV 1.5 ESSENCE"}]}]}},"_links":{"self":[{"href":"https:\/\/skgroupe-auto.fr\/index.php\/wp-json\/wp\/v2\/product\/2861"}],"collection":[{"href":"https:\/\/skgroupe-auto.fr\/index.php\/wp-json\/wp\/v2\/product"}],"about":[{"href":"https:\/\/skgroupe-auto.fr\/index.php\/wp-json\/wp\/v2\/types\/product"}],"replies":[{"embeddable":true,"href":"https:\/\/skgroupe-auto.fr\/index.php\/wp-json\/wp\/v2\/comments?post=2861"}],"version-history":[{"count":1,"href":"https:\/\/skgroupe-auto.fr\/index.php\/wp-json\/wp\/v2\/product\/2861\/revisions"}],"predecessor-version":[{"id":2867,"href":"https:\/\/skgroupe-auto.fr\/index.php\/wp-json\/wp\/v2\/product\/2861\/revisions\/2867"}],"wp:featuredmedia":[{"embeddable":true,"href":"https:\/\/skgroupe-auto.fr\/index.php\/wp-json\/wp\/v2\/media\/2862"}],"wp:attachment":[{"href":"https:\/\/skgroupe-auto.fr\/index.php\/wp-json\/wp\/v2\/media?parent=2861"}],"wp:term":[{"taxonomy":"product_cat","embeddable":true,"href":"https:\/\/skgroupe-auto.fr\/index.php\/wp-json\/wp\/v2\/product_cat?post=2861"},{"taxonomy":"product_tag","embeddable":true,"href":"https:\/\/skgroupe-auto.fr\/index.php\/wp-json\/wp\/v2\/product_tag?post=2861"}],"curies":[{"name":"wp","href":"https:\/\/api.w.org\/{rel}","templated":true}]}}