{"id":2895,"date":"2025-01-28T12:31:24","date_gmt":"2025-01-28T11:31:24","guid":{"rendered":"https:\/\/skgroupe-auto.fr\/?post_type=product&#038;p=2895"},"modified":"2026-03-11T15:18:02","modified_gmt":"2026-03-11T14:18:02","slug":"fiat-500x-cult-fiat-500x-fiat-500-fiat-fiat-algerie-fiat-neufs-fiat-export-fiat-bleu-500x-500x-cult-500-cult","status":"publish","type":"product","link":"https:\/\/skgroupe-auto.fr\/index.php\/produit\/fiat-500x-cult-fiat-500x-fiat-500-fiat-fiat-algerie-fiat-neufs-fiat-export-fiat-bleu-500x-500x-cult-500-cult\/","title":{"rendered":"Fiat 500X Cult 1.4 Essence 140CH"},"content":{"rendered":"<h3 data-sourcepos=\"5:1-5:26\">Informations G\u00e9n\u00e9rales<\/h3>\n<ul data-sourcepos=\"6:1-16:0\">\n<li data-sourcepos=\"6:1-6:18\"><strong>Marque:<\/strong> Fiat<\/li>\n<li data-sourcepos=\"7:1-7:18\"><strong>Mod\u00e8le:<\/strong> 500X<\/li>\n<li data-sourcepos=\"8:1-8:19\"><strong>Version:<\/strong> Cult<\/li>\n<li data-sourcepos=\"9:1-9:17\"><strong>Ann\u00e9e:<\/strong> 2025<\/li>\n<li data-sourcepos=\"10:1-10:24\"><strong>Carburant:<\/strong> Essence<\/li>\n<li data-sourcepos=\"11:1-11:31\"><strong>Transmission:<\/strong> Automatique<\/li>\n<li data-sourcepos=\"12:1-12:15\"><strong>Portes:<\/strong> 5<\/li>\n<li data-sourcepos=\"13:1-13:21\"><strong>Condition:<\/strong> Neuf<\/li>\n<li data-sourcepos=\"14:1-14:19\"><strong>Couleur:<\/strong> GRIS<\/li>\n<li data-sourcepos=\"15:1-16:0\"><strong>Moteur:<\/strong> 4 cylindres, 1368 cm\u00b3<\/li>\n<\/ul>\n<h3 data-sourcepos=\"17:1-17:15\">\u00c9quipements<\/h3>\n<h4 data-sourcepos=\"18:1-18:13\">S\u00e9curit\u00e9<\/h4>\n<ul data-sourcepos=\"19:1-26:0\">\n<li data-sourcepos=\"19:1-19:62\">ABS (Antiblocage des roues) avec r\u00e9partiteur de freinage EBD<\/li>\n<li data-sourcepos=\"20:1-20:32\">Aide au freinage d\u2019urgence BAS<\/li>\n<li data-sourcepos=\"21:1-21:42\">ESC (Contr\u00f4le \u00e9lectronique de stabilit\u00e9)<\/li>\n<li data-sourcepos=\"22:1-22:39\">Airbags frontaux, lat\u00e9raux et rideaux<\/li>\n<li data-sourcepos=\"23:1-23:38\">TPMS (Capteur de pression des pneus)<\/li>\n<li data-sourcepos=\"24:1-24:21\">Limiteur de vitesse<\/li>\n<li data-sourcepos=\"25:1-26:0\">Frein de stationnement \u00e9lectrique<\/li>\n<\/ul>\n<h4 data-sourcepos=\"27:1-27:12\">Confort<\/h4>\n<ul data-sourcepos=\"28:1-37:0\">\n<li data-sourcepos=\"28:1-28:15\">Climatisation<\/li>\n<li data-sourcepos=\"29:1-29:38\">Si\u00e8ge conducteur r\u00e9glable en hauteur<\/li>\n<li data-sourcepos=\"30:1-30:45\">Volant r\u00e9glable en hauteur et en profondeur<\/li>\n<li data-sourcepos=\"31:1-31:19\">Volant gain\u00e9 cuir<\/li>\n<li data-sourcepos=\"32:1-32:31\">Commandes autoradio au volant<\/li>\n<li data-sourcepos=\"33:1-33:53\">Vitres \u00e9lectriques avant et arri\u00e8re impulsionnelles<\/li>\n<li data-sourcepos=\"34:1-34:51\">R\u00e9troviseurs ext\u00e9rieurs \u00e9lectriques et d\u00e9givrants<\/li>\n<li data-sourcepos=\"35:1-35:36\">Banquette arri\u00e8re rabattable 60\/40<\/li>\n<li data-sourcepos=\"36:1-37:0\">Tapis de sol avant\/arri\u00e8re<\/li>\n<\/ul>\n<h4 data-sourcepos=\"38:1-38:16\">Technologie<\/h4>\n<ul data-sourcepos=\"39:1-46:0\">\n<li data-sourcepos=\"39:1-39:50\">Syst\u00e8me UconnectTM 7\u201d HD LIVE (radio Bluetooth\u00ae)<\/li>\n<li data-sourcepos=\"40:1-40:15\">\u00c9cran tactile<\/li>\n<li data-sourcepos=\"41:1-41:31\">Apple CarPlay et Android Auto<\/li>\n<li data-sourcepos=\"42:1-42:11\">Bluetooth<\/li>\n<li data-sourcepos=\"43:1-43:12\">Prises USB<\/li>\n<li data-sourcepos=\"44:1-44:20\">Ordinateur de bord<\/li>\n<li data-sourcepos=\"45:1-46:0\">Prise 12V<\/li>\n<\/ul>\n<h4 data-sourcepos=\"47:1-47:14\">Ext\u00e9rieur<\/h4>\n<ul data-sourcepos=\"48:1-51:0\">\n<li data-sourcepos=\"48:1-48:38\">Feux de jour (DRL) \u00e0 technologie LED<\/li>\n<li data-sourcepos=\"49:1-49:58\">Projecteurs antibrouillard avant avec fonction cornering<\/li>\n<li data-sourcepos=\"50:1-51:0\">Jantes en acier 16&#8221; avec enjoliveur<\/li>\n<\/ul>\n","protected":false},"excerpt":{"rendered":"<p>Fiat 500X Cult : Le crossover qui vous s\u00e9duira par son design unique et sa polyvalence. Parfait pour la ville comme pour les escapades. \ufe0f\ufe0f<\/p>\n","protected":false},"featured_media":2897,"comment_status":"open","ping_status":"closed","template":"","meta":[],"product_cat":[49,25],"product_tag":[],"yoast_head":"<!-- This site is optimized with the Yoast SEO plugin v17.6 - https:\/\/yoast.com\/wordpress\/plugins\/seo\/ -->\n<title>Fiat 500X Cult 1.4 Essence 140CH - SK GROUPE<\/title>\n<meta name=\"description\" content=\"Fiat 500X Cult : Le crossover qui vous s\u00e9duira par son design unique et sa polyvalence. Parfait pour la ville comme pour les escapades. \ufe0f\ufe0f\" \/>\n<meta name=\"robots\" content=\"index, follow, max-snippet:-1, max-image-preview:large, max-video-preview:-1\" \/>\n<link rel=\"canonical\" href=\"https:\/\/skgroupe-auto.fr\/index.php\/produit\/fiat-500x-cult-fiat-500x-fiat-500-fiat-fiat-algerie-fiat-neufs-fiat-export-fiat-bleu-500x-500x-cult-500-cult\/\" \/>\n<meta property=\"og:locale\" content=\"fr_FR\" \/>\n<meta property=\"og:type\" content=\"article\" \/>\n<meta property=\"og:title\" content=\"Fiat 500X Cult 1.4 Essence 140CH - SK GROUPE\" \/>\n<meta property=\"og:description\" content=\"Fiat 500X Cult : Le crossover qui vous s\u00e9duira par son design unique et sa polyvalence. Parfait pour la ville comme pour les escapades. \ufe0f\ufe0f\" \/>\n<meta property=\"og:url\" content=\"https:\/\/skgroupe-auto.fr\/index.php\/produit\/fiat-500x-cult-fiat-500x-fiat-500-fiat-fiat-algerie-fiat-neufs-fiat-export-fiat-bleu-500x-500x-cult-500-cult\/\" \/>\n<meta property=\"og:site_name\" content=\"SK GROUPE\" \/>\n<meta property=\"article:modified_time\" content=\"2026-03-11T14:18:02+00:00\" \/>\n<meta property=\"og:image\" content=\"https:\/\/skgroupe-auto.fr\/wp-content\/uploads\/2025\/01\/IMG-20250128-WA0025-1.jpg\" \/>\n\t<meta property=\"og:image:width\" content=\"1200\" \/>\n\t<meta property=\"og:image:height\" content=\"1600\" \/>\n<meta name=\"twitter:card\" content=\"summary_large_image\" \/>\n<meta name=\"twitter:label1\" content=\"Dur\u00e9e de lecture estim\u00e9e\" \/>\n\t<meta name=\"twitter:data1\" content=\"1 minute\" \/>\n<script type=\"application\/ld+json\" class=\"yoast-schema-graph\">{\"@context\":\"https:\/\/schema.org\",\"@graph\":[{\"@type\":\"Organization\",\"@id\":\"https:\/\/skgroupe-auto.fr\/#organization\",\"name\":\"skgroupe auto\",\"url\":\"https:\/\/skgroupe-auto.fr\/\",\"sameAs\":[],\"logo\":{\"@type\":\"ImageObject\",\"@id\":\"https:\/\/skgroupe-auto.fr\/#logo\",\"inLanguage\":\"fr-FR\",\"url\":\"https:\/\/skgroupe-auto.fr\/wp-content\/uploads\/2021\/09\/SKGROUPE-LOGO-sans-fond.png\",\"contentUrl\":\"https:\/\/skgroupe-auto.fr\/wp-content\/uploads\/2021\/09\/SKGROUPE-LOGO-sans-fond.png\",\"width\":2494,\"height\":930,\"caption\":\"skgroupe auto\"},\"image\":{\"@id\":\"https:\/\/skgroupe-auto.fr\/#logo\"}},{\"@type\":\"WebSite\",\"@id\":\"https:\/\/skgroupe-auto.fr\/#website\",\"url\":\"https:\/\/skgroupe-auto.fr\/\",\"name\":\"SK GROUPE\",\"description\":\"Vente de voiture Import\/Export\",\"publisher\":{\"@id\":\"https:\/\/skgroupe-auto.fr\/#organization\"},\"potentialAction\":[{\"@type\":\"SearchAction\",\"target\":{\"@type\":\"EntryPoint\",\"urlTemplate\":\"https:\/\/skgroupe-auto.fr\/?s={search_term_string}\"},\"query-input\":\"required name=search_term_string\"}],\"inLanguage\":\"fr-FR\"},{\"@type\":\"ImageObject\",\"@id\":\"https:\/\/skgroupe-auto.fr\/index.php\/produit\/fiat-500x-cult-fiat-500x-fiat-500-fiat-fiat-algerie-fiat-neufs-fiat-export-fiat-bleu-500x-500x-cult-500-cult\/#primaryimage\",\"inLanguage\":\"fr-FR\",\"url\":\"https:\/\/skgroupe-auto.fr\/wp-content\/uploads\/2025\/01\/IMG-20250128-WA0025-1.jpg\",\"contentUrl\":\"https:\/\/skgroupe-auto.fr\/wp-content\/uploads\/2025\/01\/IMG-20250128-WA0025-1.jpg\",\"width\":1200,\"height\":1600},{\"@type\":\"WebPage\",\"@id\":\"https:\/\/skgroupe-auto.fr\/index.php\/produit\/fiat-500x-cult-fiat-500x-fiat-500-fiat-fiat-algerie-fiat-neufs-fiat-export-fiat-bleu-500x-500x-cult-500-cult\/#webpage\",\"url\":\"https:\/\/skgroupe-auto.fr\/index.php\/produit\/fiat-500x-cult-fiat-500x-fiat-500-fiat-fiat-algerie-fiat-neufs-fiat-export-fiat-bleu-500x-500x-cult-500-cult\/\",\"name\":\"Fiat 500X Cult 1.4 Essence 140CH - SK GROUPE\",\"isPartOf\":{\"@id\":\"https:\/\/skgroupe-auto.fr\/#website\"},\"primaryImageOfPage\":{\"@id\":\"https:\/\/skgroupe-auto.fr\/index.php\/produit\/fiat-500x-cult-fiat-500x-fiat-500-fiat-fiat-algerie-fiat-neufs-fiat-export-fiat-bleu-500x-500x-cult-500-cult\/#primaryimage\"},\"datePublished\":\"2025-01-28T11:31:24+00:00\",\"dateModified\":\"2026-03-11T14:18:02+00:00\",\"description\":\"Fiat 500X Cult : Le crossover qui vous s\\u00e9duira par son design unique et sa polyvalence. Parfait pour la ville comme pour les escapades. \\ufe0f\\ufe0f\",\"breadcrumb\":{\"@id\":\"https:\/\/skgroupe-auto.fr\/index.php\/produit\/fiat-500x-cult-fiat-500x-fiat-500-fiat-fiat-algerie-fiat-neufs-fiat-export-fiat-bleu-500x-500x-cult-500-cult\/#breadcrumb\"},\"inLanguage\":\"fr-FR\",\"potentialAction\":[{\"@type\":\"ReadAction\",\"target\":[\"https:\/\/skgroupe-auto.fr\/index.php\/produit\/fiat-500x-cult-fiat-500x-fiat-500-fiat-fiat-algerie-fiat-neufs-fiat-export-fiat-bleu-500x-500x-cult-500-cult\/\"]}]},{\"@type\":\"BreadcrumbList\",\"@id\":\"https:\/\/skgroupe-auto.fr\/index.php\/produit\/fiat-500x-cult-fiat-500x-fiat-500-fiat-fiat-algerie-fiat-neufs-fiat-export-fiat-bleu-500x-500x-cult-500-cult\/#breadcrumb\",\"itemListElement\":[{\"@type\":\"ListItem\",\"position\":1,\"name\":\"Accueil\",\"item\":\"https:\/\/skgroupe-auto.fr\/\"},{\"@type\":\"ListItem\",\"position\":2,\"name\":\"Boutique\",\"item\":\"https:\/\/skgroupe-auto.fr\/index.php\/boutique\/\"},{\"@type\":\"ListItem\",\"position\":3,\"name\":\"Fiat 500X Cult 1.4 Essence 140CH\"}]}]}<\/script>\n<!-- \/ Yoast SEO plugin. -->","yoast_head_json":{"title":"Fiat 500X Cult 1.4 Essence 140CH - SK GROUPE","description":"Fiat 500X Cult : Le crossover qui vous s\u00e9duira par son design unique et sa polyvalence. Parfait pour la ville comme pour les escapades. \ufe0f\ufe0f","robots":{"index":"index","follow":"follow","max-snippet":"max-snippet:-1","max-image-preview":"max-image-preview:large","max-video-preview":"max-video-preview:-1"},"canonical":"https:\/\/skgroupe-auto.fr\/index.php\/produit\/fiat-500x-cult-fiat-500x-fiat-500-fiat-fiat-algerie-fiat-neufs-fiat-export-fiat-bleu-500x-500x-cult-500-cult\/","og_locale":"fr_FR","og_type":"article","og_title":"Fiat 500X Cult 1.4 Essence 140CH - SK GROUPE","og_description":"Fiat 500X Cult : Le crossover qui vous s\u00e9duira par son design unique et sa polyvalence. Parfait pour la ville comme pour les escapades. \ufe0f\ufe0f","og_url":"https:\/\/skgroupe-auto.fr\/index.php\/produit\/fiat-500x-cult-fiat-500x-fiat-500-fiat-fiat-algerie-fiat-neufs-fiat-export-fiat-bleu-500x-500x-cult-500-cult\/","og_site_name":"SK GROUPE","article_modified_time":"2026-03-11T14:18:02+00:00","og_image":[{"width":1200,"height":1600,"url":"https:\/\/skgroupe-auto.fr\/wp-content\/uploads\/2025\/01\/IMG-20250128-WA0025-1.jpg","type":"image\/jpeg"}],"twitter_card":"summary_large_image","twitter_misc":{"Dur\u00e9e de lecture estim\u00e9e":"1 minute"},"schema":{"@context":"https:\/\/schema.org","@graph":[{"@type":"Organization","@id":"https:\/\/skgroupe-auto.fr\/#organization","name":"skgroupe auto","url":"https:\/\/skgroupe-auto.fr\/","sameAs":[],"logo":{"@type":"ImageObject","@id":"https:\/\/skgroupe-auto.fr\/#logo","inLanguage":"fr-FR","url":"https:\/\/skgroupe-auto.fr\/wp-content\/uploads\/2021\/09\/SKGROUPE-LOGO-sans-fond.png","contentUrl":"https:\/\/skgroupe-auto.fr\/wp-content\/uploads\/2021\/09\/SKGROUPE-LOGO-sans-fond.png","width":2494,"height":930,"caption":"skgroupe auto"},"image":{"@id":"https:\/\/skgroupe-auto.fr\/#logo"}},{"@type":"WebSite","@id":"https:\/\/skgroupe-auto.fr\/#website","url":"https:\/\/skgroupe-auto.fr\/","name":"SK GROUPE","description":"Vente de voiture Import\/Export","publisher":{"@id":"https:\/\/skgroupe-auto.fr\/#organization"},"potentialAction":[{"@type":"SearchAction","target":{"@type":"EntryPoint","urlTemplate":"https:\/\/skgroupe-auto.fr\/?s={search_term_string}"},"query-input":"required name=search_term_string"}],"inLanguage":"fr-FR"},{"@type":"ImageObject","@id":"https:\/\/skgroupe-auto.fr\/index.php\/produit\/fiat-500x-cult-fiat-500x-fiat-500-fiat-fiat-algerie-fiat-neufs-fiat-export-fiat-bleu-500x-500x-cult-500-cult\/#primaryimage","inLanguage":"fr-FR","url":"https:\/\/skgroupe-auto.fr\/wp-content\/uploads\/2025\/01\/IMG-20250128-WA0025-1.jpg","contentUrl":"https:\/\/skgroupe-auto.fr\/wp-content\/uploads\/2025\/01\/IMG-20250128-WA0025-1.jpg","width":1200,"height":1600},{"@type":"WebPage","@id":"https:\/\/skgroupe-auto.fr\/index.php\/produit\/fiat-500x-cult-fiat-500x-fiat-500-fiat-fiat-algerie-fiat-neufs-fiat-export-fiat-bleu-500x-500x-cult-500-cult\/#webpage","url":"https:\/\/skgroupe-auto.fr\/index.php\/produit\/fiat-500x-cult-fiat-500x-fiat-500-fiat-fiat-algerie-fiat-neufs-fiat-export-fiat-bleu-500x-500x-cult-500-cult\/","name":"Fiat 500X Cult 1.4 Essence 140CH - SK GROUPE","isPartOf":{"@id":"https:\/\/skgroupe-auto.fr\/#website"},"primaryImageOfPage":{"@id":"https:\/\/skgroupe-auto.fr\/index.php\/produit\/fiat-500x-cult-fiat-500x-fiat-500-fiat-fiat-algerie-fiat-neufs-fiat-export-fiat-bleu-500x-500x-cult-500-cult\/#primaryimage"},"datePublished":"2025-01-28T11:31:24+00:00","dateModified":"2026-03-11T14:18:02+00:00","description":"Fiat 500X Cult : Le crossover qui vous s\u00e9duira par son design unique et sa polyvalence. Parfait pour la ville comme pour les escapades. \ufe0f\ufe0f","breadcrumb":{"@id":"https:\/\/skgroupe-auto.fr\/index.php\/produit\/fiat-500x-cult-fiat-500x-fiat-500-fiat-fiat-algerie-fiat-neufs-fiat-export-fiat-bleu-500x-500x-cult-500-cult\/#breadcrumb"},"inLanguage":"fr-FR","potentialAction":[{"@type":"ReadAction","target":["https:\/\/skgroupe-auto.fr\/index.php\/produit\/fiat-500x-cult-fiat-500x-fiat-500-fiat-fiat-algerie-fiat-neufs-fiat-export-fiat-bleu-500x-500x-cult-500-cult\/"]}]},{"@type":"BreadcrumbList","@id":"https:\/\/skgroupe-auto.fr\/index.php\/produit\/fiat-500x-cult-fiat-500x-fiat-500-fiat-fiat-algerie-fiat-neufs-fiat-export-fiat-bleu-500x-500x-cult-500-cult\/#breadcrumb","itemListElement":[{"@type":"ListItem","position":1,"name":"Accueil","item":"https:\/\/skgroupe-auto.fr\/"},{"@type":"ListItem","position":2,"name":"Boutique","item":"https:\/\/skgroupe-auto.fr\/index.php\/boutique\/"},{"@type":"ListItem","position":3,"name":"Fiat 500X Cult 1.4 Essence 140CH"}]}]}},"_links":{"self":[{"href":"https:\/\/skgroupe-auto.fr\/index.php\/wp-json\/wp\/v2\/product\/2895"}],"collection":[{"href":"https:\/\/skgroupe-auto.fr\/index.php\/wp-json\/wp\/v2\/product"}],"about":[{"href":"https:\/\/skgroupe-auto.fr\/index.php\/wp-json\/wp\/v2\/types\/product"}],"replies":[{"embeddable":true,"href":"https:\/\/skgroupe-auto.fr\/index.php\/wp-json\/wp\/v2\/comments?post=2895"}],"version-history":[{"count":2,"href":"https:\/\/skgroupe-auto.fr\/index.php\/wp-json\/wp\/v2\/product\/2895\/revisions"}],"predecessor-version":[{"id":2907,"href":"https:\/\/skgroupe-auto.fr\/index.php\/wp-json\/wp\/v2\/product\/2895\/revisions\/2907"}],"wp:featuredmedia":[{"embeddable":true,"href":"https:\/\/skgroupe-auto.fr\/index.php\/wp-json\/wp\/v2\/media\/2897"}],"wp:attachment":[{"href":"https:\/\/skgroupe-auto.fr\/index.php\/wp-json\/wp\/v2\/media?parent=2895"}],"wp:term":[{"taxonomy":"product_cat","embeddable":true,"href":"https:\/\/skgroupe-auto.fr\/index.php\/wp-json\/wp\/v2\/product_cat?post=2895"},{"taxonomy":"product_tag","embeddable":true,"href":"https:\/\/skgroupe-auto.fr\/index.php\/wp-json\/wp\/v2\/product_tag?post=2895"}],"curies":[{"name":"wp","href":"https:\/\/api.w.org\/{rel}","templated":true}]}}